{"id":63,"date":"2020-03-07T18:30:14","date_gmt":"2020-03-07T17:30:14","guid":{"rendered":"http:\/\/www.holzimbild.com\/inediting\/?page_id=63"},"modified":"2026-01-15T10:05:20","modified_gmt":"2026-01-15T09:05:20","slug":"materialis","status":"publish","type":"page","link":"https:\/\/www.holzimbild.com\/inediting\/","title":{"rendered":"Front Page"},"content":{"rendered":"<div  id=\"content-25\" style=\"background-color: #ffffff;\" data-label=\"Content\" data-id=\"content-8-materialis\" data-export-id=\"content-8-materialis\" data-category=\"content\" class=\"content-8m content-section-spacing-large content-section\"><div  class=\"gridContainer\"> <div  class=\"row middle-sm\"><div  class=\"col-md-5 col-xs-12 col-sm-6 space-bottom-xs\" data-type=\"column\"> <h6  class=\"upper\">was wir ihnen bieten<\/h6> <h3  class=\"\">Planung und Visualisierungen vom Tischlermeister<\/h3> <p  class=\"space-top\">Erfahrung \u00fcber 40 Jahre in Produktion und Planung hilft ihnen ihr Vorhaben zu planen und durch bildliche Darstellungen besser vorstellbar zu machen.<\/p>  <\/div> <div  class=\"col-md-6 col-md-offset-1 col-xs-12 col-sm-6\"> <img  decoding=\"async\" class=\"mdc-elevation--z9 rounded\" src=\"https:\/\/www.holzimbild.com\/inediting\/wp-content\/uploads\/2020\/04\/cropped-K\u00fcche_220_B_10-scaled-2.jpg\"><\/div> <\/div><\/div> <\/div><div  id=\"portfolio-2\" style=\"background-color: #f5fafd;\" data-label=\"Portfolio\" data-id=\"portfolio-1-materialis\" data-export-id=\"portfolio-1-materialis\" data-category=\"portfolio\" class=\"portfolio-1m content-section\"><div > <div  class=\"row text-center\" data-type=\"row\" data-fixed=\"true\"><div  class=\"col-md-4 col-sm-6 col-xs-12 no-gutter-col\"> <div  class=\"contentswap-effect contentswap-overlay\" data-hover-fx=\"portfolio-1\" style=\"float: none; margin: 0px; width: 100%;\"><div  class=\"initial-image\" style=\"float: none; margin: 0px;\"> <img  decoding=\"async\" data-size=\"600x354\" src=\"https:\/\/www.holzimbild.com\/inediting\/wp-content\/uploads\/2020\/04\/cropped-Bad-Wc_030_3-scaled-2.jpg\"><\/div> <div  class=\"overlay bg-color-black\" style=\"display: block; transition: opacity 800ms; -webkit-transition-timing-function: ease; -moz-transition-timing-function: ease; -o-transition-timing-function: ease; transition-timing-function: ease;\"><\/div> <div  class=\"swap-inner col-xs-12\" style=\"display: block; transition: 800ms; background-color: rgba(0, 0, 0, 0); margin-top: 0px;\"> <div  class=\"row full-height-row middle-xs\"> <div  class=\"col-xs-12 text-center white-text\"> <h4  class=\"font-500\">Visualisierung Bad<\/h4> <a  class=\"button color-white mdc-ripple-upgraded\" href=\"https:\/\/www.holzimbild.com\/inediting\/wp-content\/uploads\/2020\/04\/cropped-Bad-Wc_030_3-scaled-2.jpg\" target=\"_blank\" data-cp-link=\"1\" data-featherlight=\"image\" data-width=\"678\" data-height=\"400\" data-rel=\"lightbox-gallery-bGlnaHRib3gtZ2FsbGVyeS1iR2xuYUhSaWIzZ3RaMkZzYkdWeWVTMWlSMnh1WVVoU2FXSXpaM1JhTWtaellrZFdlV1ZUTVdsU01uaDFXVlZvVTJGWFNYcGFNMUpoVFd0YWVsbHJaRmRsVjFaVVRWZHNVMDF1YURGWFZsWnZWVEpHV0ZOWWNHRk5NVXBvVkZkMFlXVnNiSEphUm1Sc1ZqRmFWVlJXWkhOVk1ERjFZVVJHV0Zac1duWldWRXBIVjBaT1dXTkhSazVOVlhCdlZrWmtNRmxYVm5OaVNFcGhVbTFTYzFacVJtRldWbEpXWVVkd1VWVlVNRGs9\" data-rl_title=\"\" data-rl_caption=\"\" data-magnific_type=\"gallery\" data-rl_title=\"\" data-rl_caption=\"\" data-magnific_type=\"gallery\" title=\"\" rel=\"noopener noreferrer\" data-lbwps-width=\"2406\" data-lbwps-height=\"1420\" data-lbwps-srcsmall=\"https:\/\/www.holzimbild.com\/inediting\/wp-content\/uploads\/2020\/04\/cropped-Bad-Wc_030_3-scaled-2-300x177.jpg\">n\u00e4her ansehen<\/a><\/div> <\/div><\/div> <\/div><\/div> <div  class=\"col-md-4 col-sm-6 col-xs-12 no-gutter-col\"><div  class=\"contentswap-effect contentswap-overlay\" data-hover-fx=\"portfolio-1\" style=\"float: none; margin: 0px; width: 100%;\"> <div  class=\"initial-image\" style=\"float: none; margin: 0px;\"> <img  decoding=\"async\" data-size=\"600x354\" src=\"https:\/\/www.holzimbild.com\/inediting\/wp-content\/uploads\/2020\/06\/cropped-Schlaf_090_E-scaled-1.jpg\"><\/div> <div  class=\"overlay bg-color-black\" style=\"display: block; transition: opacity 800ms; -webkit-transition-timing-function: ease; -moz-transition-timing-function: ease; -o-transition-timing-function: ease; transition-timing-function: ease;\"><\/div> <div  class=\"swap-inner col-xs-12\" style=\"display: block; transition: 800ms; background-color: rgba(0, 0, 0, 0); margin-top: 0px;\"> <div  class=\"row full-height-row middle-xs\"> <div  class=\"col-xs-12 text-center white-text\"> <h4  class=\"font-500\">Visualisierung Schlafzimmer<\/h4> <a  class=\"button color-white mdc-ripple-upgraded\" href=\"https:\/\/www.holzimbild.com\/inediting\/wp-content\/uploads\/2020\/06\/cropped-Schlaf_090_E-scaled-1.jpg\" target=\"_blank\" data-cp-link=\"1\" data-featherlight=\"image\" data-width=\"678\" data-height=\"400\" data-rel=\"lightbox-gallery-bGlnaHRib3gtZ2FsbGVyeS1iR2xuYUhSaWIzZ3RaMkZzYkdWeWVTMWlSMnh1WVVoU2FXSXpaM1JhTWtaellrZFdlV1ZUTVdsU01uaDFXVlZvVTJGWFNYcGFNMUpoVFd0YWVsbHJaRmRsVjFaVVRWZHNVMDF1YURGWFZsWnZWVEpHV0ZOWWNHRk5NVXBvVkZkMFlXVnNiSEphUm1Sc1ZqRmFWVlJXWkhOVk1ERjFZVVJHV0Zac1duWldWRXBIVjBaT1dXTkhSazVOVlhCdlZrWmtNRmxYVm5OaVNFcGhVbTFTYzFacVJtRldWbEpXWVVkd1VWVlVNRGs9\" data-rl_title=\"\" data-rl_caption=\"\" data-magnific_type=\"gallery\" data-rl_title=\"\" data-rl_caption=\"\" data-magnific_type=\"gallery\" title=\"\" rel=\"noopener noreferrer\" data-lbwps-width=\"2560\" data-lbwps-height=\"1510\" data-lbwps-srcsmall=\"https:\/\/www.holzimbild.com\/inediting\/wp-content\/uploads\/2020\/06\/cropped-Schlaf_090_E-scaled-1-300x177.jpg\">n\u00e4her ansehen<\/a><\/div> <\/div><\/div> <\/div><\/div> <div  class=\"col-md-4 col-sm-6 col-xs-12 no-gutter-col\"><div  class=\"contentswap-effect contentswap-overlay\" data-hover-fx=\"portfolio-1\" style=\"float: none; margin: 0px; width: 100%;\"> <div  class=\"initial-image\" style=\"float: none; margin: 0px;\"> <img  decoding=\"async\" data-size=\"600x354\" src=\"https:\/\/www.holzimbild.com\/inediting\/wp-content\/uploads\/2020\/05\/cropped-Gebaude-scaled-2.jpg\"><\/div> <div  class=\"overlay bg-color-black\" style=\"display: block; transition: opacity 800ms; -webkit-transition-timing-function: ease; -moz-transition-timing-function: ease; -o-transition-timing-function: ease; transition-timing-function: ease;\"><\/div> <div  class=\"swap-inner col-xs-12\" style=\"display: block; transition: 800ms; background-color: rgba(0, 0, 0, 0); margin-top: 0px;\"> <div  class=\"row full-height-row middle-xs\"> <div  class=\"col-xs-12 text-center white-text\"> <h4  class=\"font-500\">Visualisierung Geb\u00e4ude<\/h4> <a  class=\"button color-white mdc-ripple-upgraded\" href=\"https:\/\/www.holzimbild.com\/inediting\/wp-content\/uploads\/2020\/05\/cropped-Gebaude-scaled-2.jpg\" target=\"_blank\" data-cp-link=\"1\" data-featherlight=\"image\" data-width=\"678\" data-height=\"400\" data-rel=\"lightbox-gallery-bGlnaHRib3gtZ2FsbGVyeS1iR2xuYUhSaWIzZ3RaMkZzYkdWeWVTMWlSMnh1WVVoU2FXSXpaM1JhTWtaellrZFdlV1ZUTVdsU01uaDFXVlZvVTJGWFNYcGFNMUpoVFd0YWVsbHJaRmRsVjFaVVRWZHNVMDF1YURGWFZsWnZWVEpHV0ZOWWNHRk5NVXBvVkZkMFlXVnNiSEphUm1Sc1ZqRmFWVlJXWkhOVk1ERjFZVVJHV0Zac1duWldWRXBIVjBaT1dXTkhSazVOVlhCdlZrWmtNRmxYVm5OaVNFcGhVbTFTYzFacVJtRldWbEpXWVVkd1VWVlVNRGs9\" data-rl_title=\"\" data-rl_caption=\"\" data-magnific_type=\"gallery\" data-rl_title=\"\" data-rl_caption=\"\" data-magnific_type=\"gallery\" title=\"\" rel=\"noopener noreferrer\" data-lbwps-width=\"2560\" data-lbwps-height=\"1510\" data-lbwps-srcsmall=\"https:\/\/www.holzimbild.com\/inediting\/wp-content\/uploads\/2020\/05\/cropped-Gebaude-scaled-2-300x177.jpg\">n\u00e4her ansehen<\/a><\/div> <\/div><\/div> <\/div><\/div> <div  class=\"col-md-4 col-sm-6 col-xs-12 no-gutter-col\"><div  class=\"contentswap-effect contentswap-overlay\" data-hover-fx=\"portfolio-1\" style=\"float: none; margin: 0px; width: 100%;\"> <div  class=\"initial-image\" style=\"float: none; margin: 0px;\"> <img  decoding=\"async\" data-size=\"600x354\" src=\"https:\/\/www.holzimbild.com\/inediting\/wp-content\/uploads\/2020\/05\/cropped-Visualisierung_Esszimmer-scaled-1.jpg\"><\/div> <div  class=\"overlay bg-color-black\" style=\"display: block; transition: opacity 800ms; -webkit-transition-timing-function: ease; -moz-transition-timing-function: ease; -o-transition-timing-function: ease; transition-timing-function: ease;\"><\/div> <div  class=\"swap-inner col-xs-12\" style=\"display: block; transition: 800ms; background-color: rgba(0, 0, 0, 0); margin-top: 0px;\"> <div  class=\"row full-height-row middle-xs\"> <div  class=\"col-xs-12 text-center white-text\"> <h4  class=\"font-500\">Visualisierung Esszimmer<\/h4> <a  class=\"button color-white mdc-ripple-upgraded\" href=\"https:\/\/www.holzimbild.com\/inediting\/wp-content\/uploads\/2020\/05\/cropped-Visualisierung_Esszimmer-scaled-1.jpg\" target=\"_blank\" data-cp-link=\"1\" data-featherlight=\"image\" data-width=\"678\" data-height=\"400\" data-rel=\"lightbox-gallery-bGlnaHRib3gtZ2FsbGVyeS1iR2xuYUhSaWIzZ3RaMkZzYkdWeWVTMWlSMnh1WVVoU2FXSXpaM1JhTWtaellrZFdlV1ZUTVdsU01uaDFXVlZvVTJGWFNYcGFNMUpoVFd0YWVsbHJaRmRsVjFaVVRWZHNVMDF1YURGWFZsWnZWVEpHV0ZOWWNHRk5NVXBvVkZkMFlXVnNiSEphUm1Sc1ZqRmFWVlJXWkhOVk1ERjFZVVJHV0Zac1duWldWRXBIVjBaT1dXTkhSazVOVlhCdlZrWmtNRmxYVm5OaVNFcGhVbTFTYzFacVJtRldWbEpXWVVkd1VWVlVNRGs9\" data-rl_title=\"\" data-rl_caption=\"\" data-magnific_type=\"gallery\" data-rl_title=\"\" data-rl_caption=\"\" data-magnific_type=\"gallery\" title=\"\" rel=\"noopener noreferrer\" data-lbwps-width=\"2560\" data-lbwps-height=\"1511\" data-lbwps-srcsmall=\"https:\/\/www.holzimbild.com\/inediting\/wp-content\/uploads\/2020\/05\/cropped-Visualisierung_Esszimmer-scaled-1-300x177.jpg\">n\u00e4her ansehen<\/a><\/div> <\/div><\/div> <\/div><\/div> <div  class=\"col-md-4 col-sm-6 col-xs-12 no-gutter-col\"><div  class=\"contentswap-effect contentswap-overlay\" data-hover-fx=\"portfolio-1\" style=\"float: none; margin: 0px; width: 100%;\"> <div  class=\"initial-image\" style=\"float: none; margin: 0px;\"> <img  decoding=\"async\" data-size=\"600x354\" src=\"https:\/\/www.holzimbild.com\/inediting\/wp-content\/uploads\/2020\/04\/cropped-K%C3%BCche_214_C_8-scaled-1.jpg\"><\/div> <div  class=\"overlay bg-color-black\" style=\"display: block; transition: opacity 800ms; -webkit-transition-timing-function: ease; -moz-transition-timing-function: ease; -o-transition-timing-function: ease; transition-timing-function: ease;\"><\/div> <div  class=\"swap-inner col-xs-12\" style=\"display: block; transition: 800ms; background-color: rgba(0, 0, 0, 0); margin-top: 0px;\"> <div  class=\"row full-height-row middle-xs\"> <div  class=\"col-xs-12 text-center white-text\"> <h4  class=\"font-500\">Visualisierung K\u00fcche<\/h4> <a  class=\"button color-white mdc-ripple-upgraded\" href=\"https:\/\/www.holzimbild.com\/inediting\/wp-content\/uploads\/2020\/04\/cropped-K%C3%BCche_214_C_8-scaled-1.jpg\" target=\"_blank\" data-cp-link=\"1\" data-featherlight=\"image\" data-width=\"678\" data-height=\"400\" data-rel=\"lightbox-gallery-bGlnaHRib3gtZ2FsbGVyeS1iR2xuYUhSaWIzZ3RaMkZzYkdWeWVTMWlSMnh1WVVoU2FXSXpaM1JhTWtaellrZFdlV1ZUTVdsU01uaDFXVlZvVTJGWFNYcGFNMUpoVFd0YWVsbHJaRmRsVjFaVVRWZHNVMDF1YURGWFZsWnZWVEpHV0ZOWWNHRk5NVXBvVkZkMFlXVnNiSEphUm1Sc1ZqRmFWVlJXWkhOVk1ERjFZVVJHV0Zac1duWldWRXBIVjBaT1dXTkhSazVOVlhCdlZrWmtNRmxYVm5OaVNFcGhVbTFTYzFacVJtRldWbEpXWVVkd1VWVlVNRGs9\" data-rl_title=\"\" data-rl_caption=\"\" data-magnific_type=\"gallery\" data-rl_title=\"\" data-rl_caption=\"\" data-magnific_type=\"gallery\" title=\"\" rel=\"noopener noreferrer\">n\u00e4her ansehen<\/a><\/div> <\/div><\/div> <\/div><\/div> <div  class=\"col-md-4 col-sm-6 col-xs-12 no-gutter-col\"><div  class=\"contentswap-effect contentswap-overlay\" data-hover-fx=\"portfolio-1\" style=\"float: none; margin: 0px; width: 100%;\"> <div  class=\"initial-image\" style=\"float: none; margin: 0px;\"> <img  decoding=\"async\" data-size=\"600x354\" src=\"https:\/\/www.holzimbild.com\/inediting\/wp-content\/uploads\/2020\/05\/cropped-Wohnzimmer-scaled-2.jpeg\"><\/div> <div  class=\"overlay bg-color-black\" style=\"display: block; transition: opacity 800ms; -webkit-transition-timing-function: ease; -moz-transition-timing-function: ease; -o-transition-timing-function: ease; transition-timing-function: ease;\"><\/div> <div  class=\"swap-inner col-xs-12\" style=\"display: block; transition: 800ms; background-color: rgba(0, 0, 0, 0); margin-top: 0px;\"> <div  class=\"row full-height-row middle-xs\"> <div  class=\"col-xs-12 text-center white-text\"> <h4  class=\"font-500\">Visualisierung Wohnzimmer mit Indoor-Golf<\/h4> <a  class=\"button color-white mdc-ripple-upgraded\" href=\"https:\/\/www.holzimbild.com\/inediting\/wp-content\/uploads\/2020\/05\/cropped-Wohnzimmer-scaled-2.jpeg\" target=\"_blank\" data-cp-link=\"1\" data-featherlight=\"image\" data-width=\"678\" data-height=\"400\" data-rel=\"lightbox-gallery-bGlnaHRib3gtZ2FsbGVyeS1iR2xuYUhSaWIzZ3RaMkZzYkdWeWVTMWlSMnh1WVVoU2FXSXpaM1JhTWtaellrZFdlV1ZUTVdsU01uaDFXVlZvVTJGWFNYcGFNMUpoVFd0YWVsbHJaRmRsVjFaVVRWZHNVMDF1YURGWFZsWnZWVEpHV0ZOWWNHRk5NVXBvVkZkMFlXVnNiSEphUm1Sc1ZqRmFWVlJXWkhOVk1ERjFZVVJHV0Zac1duWldWRXBIVjBaT1dXTkhSazVOVlhCdlZrWmtNRmxYVm5OaVNFcGhVbTFTYzFacVJtRldWbEpXWVVkd1VWVlVNRGs9\" data-rl_title=\"\" data-rl_caption=\"\" data-magnific_type=\"gallery\" data-rl_title=\"\" data-rl_caption=\"\" data-magnific_type=\"gallery\" title=\"\" rel=\"noopener noreferrer\" data-lbwps-width=\"2560\" data-lbwps-height=\"1510\" data-lbwps-srcsmall=\"https:\/\/www.holzimbild.com\/inediting\/wp-content\/uploads\/2020\/05\/cropped-Wohnzimmer-scaled-2-300x177.jpeg\">n\u00e4her ansehen<\/a><\/div> <\/div><\/div> <\/div><\/div>    <\/div><\/div> <\/div><div  data-label=\"Content\" data-id=\"content--3\" data-export-id=\"content-7-materialis\" data-category=\"content\" class=\"content-7m content-section-spacing-large content-section\" id=\"content-28\" style=\"background-color: rgb(255, 255, 255);\"><div  class=\"gridContainer\"> <div  class=\"row middle-sm\"><div  class=\"col-md-6 col-xs-12 col-sm-6 col-padding-small-xs\"> <img  decoding=\"async\" class=\"mdc-elevation--z13 img-rounded\" src=\"https:\/\/www.holzimbild.com\/inediting\/wp-content\/uploads\/2020\/05\/cropped-Hobel-scaled-1.jpg\"><\/div> <div  class=\"col-md-5 col-md-offset-1 col-xs-12 col-sm-6 content-left-sm col-padding-small-xs\" data-type=\"column\"> <h3  class=\"space-bottom\">Sie sind Handwerker, Planer oder Architekt und ben\u00f6tigen Zeichnungen?<\/h3> <p  class=\"space-top\">Sie haben keine Zeit zum Zeichnen, oder Sie m\u00f6chten Kosten sparen? Dann senden Sie uns einfach eine Skizze mit den Ma\u00dfen, und Ihren Vorstellungen \u2013 wir machen den Rest! So k\u00f6nnen auch Sie Ihren Kunden perfekte Bilder als Verkaufsunterst\u00fctzung pr\u00e4sentieren.<\/p> <\/div> <\/div><\/div> <\/div><!-- CloudPress Companion Preview Data START --><!-- CloudPress Companion Preview Data START --><div  data-label=\"Content\" data-id=\"content--5\" data-export-id=\"content-5-materialis\" data-category=\"content\" class=\"content-5m content-section-spacing-large content-section\" id=\"content-30\" style=\"background-color: rgb(255, 255, 255);\"><div  class=\"gridContainer\"> <div  class=\"row\"><div  class=\"col-xs-12 col-sm-8 col-sm-offset-2 space-bottom text-center col-padding-small-xs\" data-type=\"column\"> <img  decoding=\"async\" class=\"mdc-elevation--z13 rounded\" src=\"https:\/\/www.holzimbild.com\/inediting\/wp-content\/uploads\/2020\/04\/cropped-Bad-Wc_001k-scaled-3.jpg\"><\/div> <div  class=\"col-xs-12 text-center large\" data-type=\"column\"><h2  class=\"space-bottom\">Sie sind Privatkunde?<\/h2> <p  class=\"lead\">Sie wollen sich (noch) nicht an einen Lieferanten binden? Da sind Sie bei uns richtig. \n<br >Mit der fertigen Planung mehrere Angebote einholen und somit vergleichen, wo es am g\u00fcnstigsten ist.<\/p> <\/div> <\/div><\/div> <\/div><div  data-label=\"About\" data-id=\"about--1\" data-export-id=\"about-9\" data-category=\"about\" class=\"about-9 content-section content-section-spacing-large\" id=\"about-1\" style=\"background-color: rgb(255, 255, 255);\"><div  class=\"gridContainer\"> <div  class=\"row middle-sm text-center\"><div  class=\"col-sm-5 space-bottom-xs content-column content-left-sm\" data-type=\"column\">  <h2  class=\"\">Werkszeichnungen und Plattenoptimierung<\/h2> <p  class=\"\">Erleichtern dem Handwerker die Arbeit! Missverst\u00e4ndnisse beim Ausf\u00fchrenden k\u00f6nnen dadurch vermieden werden.\n<br >Wir optimieren Ihre Zuschnitte, damit Sie m\u00f6glichst wenig Verschnitt haben.<\/p> <a  class=\"button big color1 mdc-ripple-upgraded\" href=\"https:\/\/www.holzimbild.com\/DL\/Muster.pdf\" target=\"_blank\" data-cp-link=\"1\" rel=\"noopener noreferrer\">Musterplanung herunterladen<\/a><\/div> <div  class=\"col-sm-7 flexbox flexbox middle-xs center-xs\"><div  class=\"overlay-box flexbox middle-xs center-xs overlay-holder \"> <div  class=\"overlay-box-offset offset-background mdc-elevation--z5 bg-color2 hide-xs border-radius-8\"><\/div> <img  decoding=\"async\" class=\"flexbox mdc-elevation--z10 img1 rounded\" src=\"https:\/\/www.holzimbild.com\/inediting\/wp-content\/uploads\/2020\/04\/cropped-K\u00fcche_006_2.png\"><\/div> <\/div><\/div> <\/div><\/div><div  data-label=\"Features\" data-id=\"features--1\" data-export-id=\"features-16\" data-category=\"features\" class=\"features-16 content-section content-section-spacing-large\" id=\"features-1\" style=\"background-color: rgb(245, 250, 253); background-image: none;\"><div  class=\"gridContainer\"> <div  class=\"row text-center\"><div  class=\"section-title-col\" data-type=\"column\"> <h2  class=\"\">Virtual Reality \u2013 360\u00b0 Blick <\/h2> <p  class=\"lead\">Sehen Sie sich um in dem Raum der noch garnicht existiert. Genau wissen wie Ihr Bauvorhaben sp\u00e4ter aussehen wird. Das wird m\u00f6glich durch die VR Technologie.<\/p><\/div> <\/div> <div  class=\"row spaced-cols content-center-sm center-sm\" data-type=\"row\"> <div  class=\"col-xs-12 col-sm-6 col-md-4 space-bottom\"> <img  decoding=\"async\" class=\"face mdc-elevation--z3\" src=\"https:\/\/www.holzimbild.com\/inediting\/wp-content\/uploads\/2020\/03\/cropped-VRBILD1.jpg\"> <div  data-type=\"column\" class=\"col-padding-small col-padding-small-xs description-container\"> <h4  class=\"font-500\">Virtual Reality Steinhalle<\/h4> <p  class=\"\">360\u00b0 Blick in einer alten Steinhalle.<\/p> <a  class=\"button blue mdc-ripple-upgraded\" href=\"https:\/\/www.holzimbild.com\/VR\/Steinsaal\/pano.html\" target=\"_blank\" data-cp-link=\"1\" rel=\"noopener noreferrer\">Jetzt live erleben<\/a><\/div> <\/div> <div  class=\"col-xs-12 col-sm-6 col-md-4 space-bottom\"> <img  decoding=\"async\" class=\"face mdc-elevation--z3\" src=\"https:\/\/www.holzimbild.com\/inediting\/wp-content\/uploads\/2020\/03\/cropped-08e5fc92-4fa5-4f8e-9cfd-7382167d9b3f.png\"> <div  data-type=\"column\" class=\"col-padding-small col-padding-small-xs description-container\"> <h4  class=\"font-500\">Virtual Reality K\u00fcche<\/h4> <p  class=\"\">360\u00b0 Blick in einer Holzk\u00fcche.<\/p> <a  class=\"button blue mdc-ripple-upgraded\" href=\"http:\/\/pano.autodesk.com\/pano.html?mono=jpgs%2F9ec1082c-68ae-4f36-9349-12b39f65ed1d\" target=\"_blank\" data-cp-link=\"1\" rel=\"noopener noreferrer\">Jetzt live erleben<\/a><\/div> <\/div> <\/div> <\/div><\/div>","protected":false},"excerpt":{"rendered":"","protected":false},"author":1,"featured_media":0,"parent":0,"menu_order":0,"comment_status":"closed","ping_status":"closed","template":"page-templates\/homepage.php","meta":{"footnotes":""},"class_list":["post-63","page","type-page","status-publish","hentry"],"_links":{"self":[{"href":"https:\/\/www.holzimbild.com\/inediting\/index.php?rest_route=\/wp\/v2\/pages\/63","targetHints":{"allow":["GET"]}}],"collection":[{"href":"https:\/\/www.holzimbild.com\/inediting\/index.php?rest_route=\/wp\/v2\/pages"}],"about":[{"href":"https:\/\/www.holzimbild.com\/inediting\/index.php?rest_route=\/wp\/v2\/types\/page"}],"author":[{"embeddable":true,"href":"https:\/\/www.holzimbild.com\/inediting\/index.php?rest_route=\/wp\/v2\/users\/1"}],"replies":[{"embeddable":true,"href":"https:\/\/www.holzimbild.com\/inediting\/index.php?rest_route=%2Fwp%2Fv2%2Fcomments&post=63"}],"version-history":[{"count":47,"href":"https:\/\/www.holzimbild.com\/inediting\/index.php?rest_route=\/wp\/v2\/pages\/63\/revisions"}],"predecessor-version":[{"id":421,"href":"https:\/\/www.holzimbild.com\/inediting\/index.php?rest_route=\/wp\/v2\/pages\/63\/revisions\/421"}],"wp:attachment":[{"href":"https:\/\/www.holzimbild.com\/inediting\/index.php?rest_route=%2Fwp%2Fv2%2Fmedia&parent=63"}],"curies":[{"name":"wp","href":"https:\/\/api.w.org\/{rel}","templated":true}]}}