{"id":3,"date":"2020-03-07T22:40:00","date_gmt":"2020-03-07T21:40:00","guid":{"rendered":"http:\/\/www.holzimbild.com\/inediting\/?page_id=3"},"modified":"2022-11-17T11:58:02","modified_gmt":"2022-11-17T10:58:02","slug":"datenschutzerklaerung","status":"publish","type":"page","link":"https:\/\/www.holzimbild.com\/inediting\/?page_id=3","title":{"rendered":"Impressum und Datenschutzerkl\u00e4rung"},"content":{"rendered":"\n<h2 class=\"wp-block-heading\">Datenschutzerkl\u00e4rung<\/h2>\n\n\n\n<p>Wer wir sind <br>Die Adresse unserer Website ist: http:\/\/www.holzimbild.com<br>Der Schutz Ihrer pers\u00f6nlichen Daten ist uns ein besonderes Anliegen. Wir verarbeiten Ihre Daten daher ausschlie\u00dflich auf Grundlage der gesetzlichen Bestimmungen (DSGVO, TKG 2003). In diesen Datenschutzinformationen informieren wir Sie \u00fcber die wichtigsten Aspekte der Datenverarbeitung im Rahmen unserer Website. <\/p>\n\n\n\n<p>Kontaktformulare <br>Wenn Sie per Formular auf der Website oder per E-Mail Kontakt mit uns aufnehmen, werden Ihre angegebenen Daten zwecks Bearbeitung der Anfrage und f\u00fcr den Fall von Anschlussfragen sechs Monate bei uns gespeichert. Diese Daten geben wir nicht ohne Ihre Einwilligung weiter.&nbsp; <\/p>\n\n\n\n<p>Cookies <br>Unsere Website verwendet so genannte Cookies. Dabei handelt es sich um kleine Textdateien, die mit Hilfe des Browsers auf Ihrem Endger\u00e4t abgelegt werden. Sie richten keinen Schaden an.<br>Wir nutzen Cookies dazu, unser Angebot nutzerfreundlich zu gestalten. Einige Cookies bleiben auf Ihrem Endger\u00e4t gespeichert, bis Sie diese l\u00f6schen. Sie erm\u00f6glichen es uns, Ihren Browser beim n\u00e4chsten Besuch wiederzuerkennen.<br>Wenn Sie dies nicht w\u00fcnschen, so k\u00f6nnen Sie Ihren Browser so einrichten, dass er Sie \u00fcber das Setzen von Cookies informiert und Sie dies nur im Einzelfall erlauben. Bei der Deaktivierung von Cookies kann die Funktionalit\u00e4t unserer Website eingeschr\u00e4nkt sein.<\/p>\n\n\n\n<p>Web-Analyse Unsere Website verwendet Funktionen eines Webanalysedienstes. <br>Dazu werden Cookies verwendet, die eine Analyse der Benutzung der Website durch Ihre Benutzer erm\u00f6glicht. Die dadurch erzeugten Informationen werden auf den Server des Anbieters \u00fcbertragen und dort gespeichert.<br>Sie k\u00f6nnen dies verhindern, indem Sie Ihren Browser so einrichten, dass keine Cookies gespeichert werden.<\/p>\n\n\n\n<p>Ihre Rechte <br>Ihnen stehen grunds\u00e4tzlich die Rechte auf Auskunft, Berichtigung, L\u00f6schung, Einschr\u00e4nkung, Daten\u00fcbertragbarkeit, Widerruf und Widerspruch zu. Wenn Sie glauben, dass die Verarbeitung Ihrer Daten gegen das Datenschutzrecht verst\u00f6\u00dft oder Ihre datenschutzrechtlichen Anspr\u00fcche sonst in einer Weise verletzt worden sind, k\u00f6nnen Sie sich bei der Aufsichtsbeh\u00f6rde beschweren. In \u00d6sterreich ist dies die Datenschutzbeh\u00f6rde.&nbsp;<\/p>\n\n\n\n<h2 class=\"wp-block-heading\">Impressum<\/h2>\n\n\n\n<p>Matthias Winkler, Tischlermeister<br>Irrsberg 56, 5310 Mondsee, \u00d6sterreich<br>E-Mail: <a href=\"mailto:mawi@holzimbild.com\">mawi@holzimbild.com<\/a><br>Telefon: +43 6232 6654<br>Fax: +43 6232 6654<br>Mobil: +43 680 30 300 11<br><a href=\"http:\/\/www.holzimbild.com\">www.holzimbild.com<\/a><br><a href=\"http:\/\/www.holzimbild.at\">www.holzimbild.at<\/a><br><a href=\"http:\/\/www.tischlereitechnik.at\">www.tischlereitechnik.at<\/a><br><a href=\"http:\/\/www.mawinator.com\">www.mawinator.com<\/a><\/p>\n\n\n\n<p>\u00d6ffnungszeiten<\/p>\n\n\n\n<p>Termine nach telefonischer Vereinbarung!<\/p>\n\n\n\n<p>Firmeninformationen<\/p>\n\n\n\n<p>Gesch\u00e4ftsf\u00fchrung: Matthias Winkler<br>UID-Nummer: ATU63640439<br>Rechtsform: Einzelunternehmen<br>Gerichtsstand: V\u00f6cklabruck<br>Gewerbeberechtigungen: Tischlerei &#8211; Werbegrafik Designer &#8211; Zeichenb\u00fcro<\/p>\n\n\n\n<figure class=\"wp-block-image size-large is-resized\"><a href=\"https:\/\/firmen.wko.at\/Web\/DetailsProdukte.aspx?FirmaID=446e5fb3-7762-4c6d-ace8-0d774cb9cc47&amp;AspxAutoDetectCookieSupport=1\" target=\"_blank\" rel=\"noreferrer noopener\"><img loading=\"lazy\" decoding=\"async\" src=\"http:\/\/www.holzimbild.com\/inediting\/wp-content\/uploads\/2020\/06\/wko-1.png\" alt=\"\" class=\"wp-image-380\" width=\"193\" height=\"97\" srcset=\"https:\/\/www.holzimbild.com\/inediting\/wp-content\/uploads\/2020\/06\/wko-1.png 355w, https:\/\/www.holzimbild.com\/inediting\/wp-content\/uploads\/2020\/06\/wko-1-300x150.png 300w\" sizes=\"auto, (max-width: 193px) 100vw, 193px\" \/><\/a><\/figure>\n\n\n\n<p>Eine  Weitergabe auf Datentr\u00e4gern, der Abdruck (auch auszugsweise) sowie die  Aussendung sind untersagt. Alle Inhalte auf dieser Website sind  urheberrechtlich gesch\u00fctzt. Alle Firmennamen und Logos, alle Namen von  Produkten und Dienstleistungen sowie alle weiteren Warenzeichen sind  Eigentum der entsprechenden Inhaber.<br>Die von uns angebotenen  Inhalte wie Texte, Programme, Grafiken u.\u00e4. k\u00f6nnen technische oder  inhaltliche Fehler enthalten und werden von daher ohne weitere  Verpflichtung und Gew\u00e4hrleistung zur Verf\u00fcgung gestellt. In keinem  Fall sind wir verantwortlich f\u00fcr Sch\u00e4den, egal welcher Art, die in  Zusammenhang mit dem hier angebotenen Material bzw. unter dessen  Verwendung entstehen. Insbesondere gilt dies f\u00fcr die Benutzung der von  hier herunterladbaren Programme. Auf den Inhalt externer, von hier aus  verlinkter Seiten haben wir keinen Einfluss und k\u00f6nnen daher f\u00fcr deren  Inhalt keine Verantwortung \u00fcbernehmen. So weit es nicht gesondert  gekennzeichnet ist, entspricht der gesamte Inhalt unserer Website  ausschlie\u00dflich unserer pers\u00f6nlichen Meinung und Sichtweise. Dabei  erheben wir keinen Anspruch auf Vollst\u00e4ndigkeit, Richtigkeit oder  irgendwelche Funktionalit\u00e4t.<\/p>\n\n\n\n<p> <a rel=\"noreferrer noopener\" href=\"http:\/\/www.holzimbild.com\/DL\/AGB.pdf\" target=\"_blank\">Hier finden sie unsere AGB<\/a> <\/p>\n\n\n\n<p>\u00a9 MAWI 2022<\/p>\n","protected":false},"excerpt":{"rendered":"<p>Datenschutzerkl\u00e4rung Wer wir sind Die Adresse unserer Website ist: http:\/\/www.holzimbild.comDer Schutz Ihrer pers\u00f6nlichen Daten ist uns ein besonderes Anliegen. Wir verarbeiten Ihre Daten daher ausschlie\u00dflich auf Grundlage der gesetzlichen Bestimmungen (DSGVO, TKG 2003). In diesen Datenschutzinformationen informieren wir Sie \u00fcber die wichtigsten Aspekte der Datenverarbeitung im Rahmen unserer Website. Kontaktformulare Wenn Sie per Formular auf&nbsp;&hellip;<\/p>\n","protected":false},"author":1,"featured_media":0,"parent":0,"menu_order":0,"comment_status":"closed","ping_status":"open","template":"","meta":{"footnotes":""},"class_list":["post-3","page","type-page","status-publish","hentry"],"_links":{"self":[{"href":"https:\/\/www.holzimbild.com\/inediting\/index.php?rest_route=\/wp\/v2\/pages\/3","targetHints":{"allow":["GET"]}}],"collection":[{"href":"https:\/\/www.holzimbild.com\/inediting\/index.php?rest_route=\/wp\/v2\/pages"}],"about":[{"href":"https:\/\/www.holzimbild.com\/inediting\/index.php?rest_route=\/wp\/v2\/types\/page"}],"author":[{"embeddable":true,"href":"https:\/\/www.holzimbild.com\/inediting\/index.php?rest_route=\/wp\/v2\/users\/1"}],"replies":[{"embeddable":true,"href":"https:\/\/www.holzimbild.com\/inediting\/index.php?rest_route=%2Fwp%2Fv2%2Fcomments&post=3"}],"version-history":[{"count":10,"href":"https:\/\/www.holzimbild.com\/inediting\/index.php?rest_route=\/wp\/v2\/pages\/3\/revisions"}],"predecessor-version":[{"id":401,"href":"https:\/\/www.holzimbild.com\/inediting\/index.php?rest_route=\/wp\/v2\/pages\/3\/revisions\/401"}],"wp:attachment":[{"href":"https:\/\/www.holzimbild.com\/inediting\/index.php?rest_route=%2Fwp%2Fv2%2Fmedia&parent=3"}],"curies":[{"name":"wp","href":"https:\/\/api.w.org\/{rel}","templated":true}]}}